{"id":1378,"date":"2013-12-22T22:50:42","date_gmt":"2013-12-22T22:50:42","guid":{"rendered":"https:\/\/asfema.org\/blog\/?page_id=1378"},"modified":"2026-03-25T18:56:17","modified_gmt":"2026-03-25T18:56:17","slug":"quienes-somos-y-que-hace-asfema","status":"publish","type":"page","link":"https:\/\/asfema.org\/blog\/index.php\/quienes-somos-y-que-hace-asfema\/","title":{"rendered":"\u00bfQui\u00e9nes somos y qu\u00e9 hace ASFEMA?"},"content":{"rendered":"<h2><\/h2>\n<p><strong>ASFEMA \u2013 Asociaci\u00f3n de Familias con Enfermedades Metab\u00f3licas de Madrid<\/strong>, es una organizaci\u00f3n sin \u00e1nimo de lucro que tiene como objetivo principal ayudar a los afectados y familiares por enfermedades metab\u00f3licas hereditarias.<\/p>\n<p>Las enfermedades metab\u00f3licas son consideradas como <strong>enfermedades raras<\/strong>. Estas patolog\u00edas, que afectan a m\u00e1s de <strong>3 millones de personas en Espa\u00f1a<\/strong>, tienen unas caracter\u00edsticas que las hacen muy dif\u00edciles de manejar.<\/p>\n<p>En el caso de las metab\u00f3licas, el principal problema es que los afectados tienen que llevar unas <strong>dietas muy restringidas que, por ejemplo, les impide ingerir una cantidad muy elevada de prote\u00ednas<\/strong>. Por este motivo, las familias tienen que consumir <strong>productos especiales<\/strong>, que son sensiblemente m\u00e1s caros que los productos habituales.<\/p>\n<p>Adem\u00e1s, en general, hay muchas situaciones que son dif\u00edciles de manejar y que requieren de <strong>apoyo psicol\u00f3gico especializado<\/strong>.<\/p>\n<figure id=\"attachment_5209\" aria-describedby=\"caption-attachment-5209\" style=\"width: 1410px\" class=\"wp-caption alignnone\"><a href=\"https:\/\/asfema.org\/blog\/wp-content\/uploads\/2023\/02\/logo-asfema-1.png\"><img decoding=\"async\" loading=\"lazy\" class=\"wp-image-5209 size-full\" src=\"https:\/\/asfema.org\/blog\/wp-content\/uploads\/2023\/02\/logo-asfema-1.png\" alt=\"Asociaci\u00f3n de Familias con Enfermedades Metab\u00f3licas de Madrid\" width=\"1410\" height=\"445\" srcset=\"https:\/\/asfema.org\/blog\/wp-content\/uploads\/2023\/02\/logo-asfema-1.png 1410w, https:\/\/asfema.org\/blog\/wp-content\/uploads\/2023\/02\/logo-asfema-1-768x242.png 768w\" sizes=\"(max-width: 1410px) 100vw, 1410px\" \/><\/a><figcaption id=\"caption-attachment-5209\" class=\"wp-caption-text\">Asociaci\u00f3n de Familias con Enfermedades Metab\u00f3licas de Madrid<\/figcaption><\/figure>\n","protected":false},"excerpt":{"rendered":"<p>ASFEMA \u2013 Asociaci\u00f3n de Familias con Enfermedades Metab\u00f3licas de Madrid, es una organizaci\u00f3n sin \u00e1nimo de lucro que tiene como objetivo principal ayudar a los afectados y familiares por enfermedades metab\u00f3licas hereditarias. Las enfermedades metab\u00f3licas son consideradas como enfermedades raras. Estas patolog\u00edas, que afectan a m\u00e1s de 3 millones de personas en Espa\u00f1a, tienen unas &hellip;<\/p>\n<p class=\"read-more\"> <a class=\"\" href=\"https:\/\/asfema.org\/blog\/index.php\/quienes-somos-y-que-hace-asfema\/\"> <span class=\"screen-reader-text\">\u00bfQui\u00e9nes somos y qu\u00e9 hace ASFEMA?<\/span> Read More &raquo;<\/a><\/p>\n","protected":false},"author":1,"featured_media":0,"parent":0,"menu_order":0,"comment_status":"open","ping_status":"open","template":"","meta":{"site-sidebar-layout":"default","site-content-layout":"default","ast-global-header-display":"","ast-banner-title-visibility":"","ast-main-header-display":"","ast-hfb-above-header-display":"","ast-hfb-below-header-display":"","ast-hfb-mobile-header-display":"","site-post-title":"","ast-breadcrumbs-content":"","ast-featured-img":"","footer-sml-layout":"","theme-transparent-header-meta":"default","adv-header-id-meta":"","stick-header-meta":"","header-above-stick-meta":"","header-main-stick-meta":"","header-below-stick-meta":"","footnotes":""},"acf":[],"_links":{"self":[{"href":"https:\/\/asfema.org\/blog\/index.php\/wp-json\/wp\/v2\/pages\/1378"}],"collection":[{"href":"https:\/\/asfema.org\/blog\/index.php\/wp-json\/wp\/v2\/pages"}],"about":[{"href":"https:\/\/asfema.org\/blog\/index.php\/wp-json\/wp\/v2\/types\/page"}],"author":[{"embeddable":true,"href":"https:\/\/asfema.org\/blog\/index.php\/wp-json\/wp\/v2\/users\/1"}],"replies":[{"embeddable":true,"href":"https:\/\/asfema.org\/blog\/index.php\/wp-json\/wp\/v2\/comments?post=1378"}],"version-history":[{"count":4,"href":"https:\/\/asfema.org\/blog\/index.php\/wp-json\/wp\/v2\/pages\/1378\/revisions"}],"predecessor-version":[{"id":6232,"href":"https:\/\/asfema.org\/blog\/index.php\/wp-json\/wp\/v2\/pages\/1378\/revisions\/6232"}],"wp:attachment":[{"href":"https:\/\/asfema.org\/blog\/index.php\/wp-json\/wp\/v2\/media?parent=1378"}],"curies":[{"name":"wp","href":"https:\/\/api.w.org\/{rel}","templated":true}]}}