{"id":1799,"date":"2015-01-05T12:30:53","date_gmt":"2015-01-05T12:30:53","guid":{"rendered":"https:\/\/asfema.org\/blog\/?page_id=1799"},"modified":"2016-09-26T03:45:27","modified_gmt":"2016-09-26T03:45:27","slug":"aline-leonardo-en-asfema","status":"publish","type":"page","link":"https:\/\/asfema.org\/blog\/index.php\/aline-leonardo-en-asfema\/","title":{"rendered":"Aline Leonardo en ASFEMA"},"content":{"rendered":"<p>A partir de enero de 2015 iniciamos colaboraci\u00f3n con Aline Leonardo, especialista en nutrici\u00f3n controlada, a la que invitamos a trabajar con ASFEMA para mejorar la calidad de comida restringida en prote\u00edna. Deseamos que proyecto inicial, de duraci\u00f3n de tres meses, se convierta en una forma habitual de enriquecer nuestras habilidades en la cocina y de controlar mejor la dieta.<br \/>\n<a href=\"http:\/\/www.cheapjerseysstoreusa.com\/\">cheap nfl jerseys<\/a><\/p>\n<p><a href=\"http:\/\/www.wholesalenbajerseysstore.com\/\">wholesale nfl jerseys<\/a><\/p>\n<p><a href=\"http:\/\/www.cheapjerseysstoreusa.com\/\">wholesale jerseys<\/a><\/p>\n<p><a href=\"http:\/\/www.authenticjerseys.net\/\">cheap jerseys<\/a><\/p>\n<p><a href=\"http:\/\/www.authenticjerseyssupply.us\/\">cheap jerseys<\/a><\/p>\n<p>Dentro de este proyecto, contaremos con las siguientes actividades:<\/p>\n<ul>\n<li>talleres de cocina, en forma de encuentros mensuales y preparaci\u00f3n de recetas<\/li>\n<li>publicaci\u00f3n de recetas en nuestra p\u00e1gina<\/li>\n<li>servicio de consulta telef\u00f3nica<\/li>\n<\/ul>\n<p>En nuestro blog pod\u00e9is encontrar el formulario de inscripci\u00f3n para los primeros tres talleres.<br \/>\nFechas de talleres (lo actualizamos conforme vayamos confirmando las fechas):<\/p>\n<p><strong>24 de enero &#8211;\u00a0<\/strong>local de la asociaci\u00f3n.<\/p>\n<p>Pr\u00f3ximamente, os informamos con m\u00e1s detalles sobre la actividad.<\/p>\n","protected":false},"excerpt":{"rendered":"<p>A partir de enero de 2015 iniciamos colaboraci\u00f3n con Aline Leonardo, especialista en nutrici\u00f3n controlada, a la que invitamos a trabajar con ASFEMA para mejorar la calidad de comida restringida en prote\u00edna. Deseamos que proyecto inicial, de duraci\u00f3n de tres meses, se convierta en una forma habitual de enriquecer nuestras habilidades en la cocina y &hellip;<\/p>\n<p class=\"read-more\"> <a class=\"\" href=\"https:\/\/asfema.org\/blog\/index.php\/aline-leonardo-en-asfema\/\"> <span class=\"screen-reader-text\">Aline Leonardo en ASFEMA<\/span> Read More &raquo;<\/a><\/p>\n","protected":false},"author":2,"featured_media":0,"parent":0,"menu_order":0,"comment_status":"open","ping_status":"closed","template":"","meta":{"site-sidebar-layout":"default","site-content-layout":"default","ast-global-header-display":"","ast-banner-title-visibility":"","ast-main-header-display":"","ast-hfb-above-header-display":"","ast-hfb-below-header-display":"","ast-hfb-mobile-header-display":"","site-post-title":"","ast-breadcrumbs-content":"","ast-featured-img":"","footer-sml-layout":"","theme-transparent-header-meta":"","adv-header-id-meta":"","stick-header-meta":"","header-above-stick-meta":"","header-main-stick-meta":"","header-below-stick-meta":"","footnotes":""},"acf":[],"_links":{"self":[{"href":"https:\/\/asfema.org\/blog\/index.php\/wp-json\/wp\/v2\/pages\/1799"}],"collection":[{"href":"https:\/\/asfema.org\/blog\/index.php\/wp-json\/wp\/v2\/pages"}],"about":[{"href":"https:\/\/asfema.org\/blog\/index.php\/wp-json\/wp\/v2\/types\/page"}],"author":[{"embeddable":true,"href":"https:\/\/asfema.org\/blog\/index.php\/wp-json\/wp\/v2\/users\/2"}],"replies":[{"embeddable":true,"href":"https:\/\/asfema.org\/blog\/index.php\/wp-json\/wp\/v2\/comments?post=1799"}],"version-history":[{"count":0,"href":"https:\/\/asfema.org\/blog\/index.php\/wp-json\/wp\/v2\/pages\/1799\/revisions"}],"wp:attachment":[{"href":"https:\/\/asfema.org\/blog\/index.php\/wp-json\/wp\/v2\/media?parent=1799"}],"curies":[{"name":"wp","href":"https:\/\/api.w.org\/{rel}","templated":true}]}}