{"id":22,"date":"2011-11-21T15:27:34","date_gmt":"2011-11-21T15:27:34","guid":{"rendered":"https:\/\/asfema.org\/blog\/?page_id=22"},"modified":"2023-04-30T14:28:20","modified_gmt":"2023-04-30T14:28:20","slug":"donde-estamos","status":"publish","type":"page","link":"https:\/\/asfema.org\/blog\/index.php\/donde-estamos\/","title":{"rendered":"D\u00f3nde estamos &#8211; \u00bfC\u00f3mo contactar con Asfema?"},"content":{"rendered":"<h2 style=\"text-align: center;\"><strong>ASFEMA &#8211; Asociaci\u00f3n de Familias con Enfermedades Metab\u00f3licas de Madrid<\/strong><\/h2>\n<hr \/>\n<h2>D\u00f3nde estamos &#8211; \u00bfC\u00f3mo contactar con Asfema?<\/h2>\n<p>ASFEMA se encuenta localizado en el barrio de Pueblo Nuevo, distrito de Ciudad Lineal de la ciudad de Madrid, en la siguiente direcci\u00f3n:<\/p>\n<h3 style=\"text-align: center;\"><a href=\"https:\/\/arcg.is\/imi1K0\"><strong>C\/ Luis Ruiz 75, local 30 <\/strong><strong>&#8211; 28017 &#8211; Madrid (Metro Garcia Noblejas L-7)<\/strong><\/a><\/h3>\n<p>Como norma general, nos reunimos los <strong>primeros s\u00e1bados del mes<\/strong>, en horario de <strong>11:00h a 13:00h<\/strong>, \u00a0salvo contadas excepciones donde debido a \u00a0puentes y\/o vacaciones, pueden variar esos dias. \u00a0Lo mejor es que consultes el horario de apertura <strong><a href=\"https:\/\/asfema.org\/blog\/index.php\/calendario-apertura-asfema-2019\/\">AQUI<\/a><\/strong>.<\/p>\n<p>Se abrir\u00e1 tambi\u00e9n el banco de alimentos los <strong>Mi\u00e9rcoles\u00a0 y Jueves (16:00h- 20:00h)<\/strong>.\u00a0 Se ruega que si quieren ir entre semana, confirmen previamente la disponibilidad, puesto que durante ese horario se desempe\u00f1an tambi\u00e9n funciones administrativas y sociales, y las personas responsables de la apertura puede encontrarse ausentes del local en alg\u00fan momento del horario indicado.<\/p>\n<p>Y si lo prefieres, puedes contactar con nosotros mediante correo electronico o telefonicamente<\/p>\n<h3 style=\"text-align: center;\">Email: <a href=\"mailto:contacto@asfema.org\">contacto@asfema.org<\/a><\/h3>\n<h3 style=\"text-align: center;\">Telefono: 910 818 789<\/h3>\n<h3 style=\"text-align: center;\">Movil: 670 223 805<\/h3>\n<p><iframe loading=\"lazy\" src=\"https:\/\/arcg.is\/imi1K0\" width=\"600\" height=\"500\" frameborder=\"0\" marginwidth=\"0\" marginheight=\"0\" scrolling=\"no\"><span style=\"display: inline-block; width: 0px; overflow: hidden; line-height: 0;\" data-mce-type=\"bookmark\" class=\"mce_SELRES_start\">\ufeff<\/span><\/iframe><\/p>\n<p><small><a style=\"color: #0000ff; text-align: left;\" href=\"https:\/\/arcg.is\/imi1K0\" target=\"_blank\" rel=\"noopener noreferrer\">Ver mapa m\u00e1s grande<\/a><\/small><\/p>\n","protected":false},"excerpt":{"rendered":"<p>ASFEMA &#8211; Asociaci\u00f3n de Familias con Enfermedades Metab\u00f3licas de Madrid D\u00f3nde estamos &#8211; \u00bfC\u00f3mo contactar con Asfema? ASFEMA se encuenta localizado en el barrio de Pueblo Nuevo, distrito de Ciudad Lineal de la ciudad de Madrid, en la siguiente direcci\u00f3n: C\/ Luis Ruiz 75, local 30 &#8211; 28017 &#8211; Madrid (Metro Garcia Noblejas L-7) Como &hellip;<\/p>\n<p class=\"read-more\"> <a class=\"\" href=\"https:\/\/asfema.org\/blog\/index.php\/donde-estamos\/\"> <span class=\"screen-reader-text\">D\u00f3nde estamos &#8211; \u00bfC\u00f3mo contactar con Asfema?<\/span> Read More &raquo;<\/a><\/p>\n","protected":false},"author":1,"featured_media":0,"parent":0,"menu_order":0,"comment_status":"open","ping_status":"closed","template":"","meta":{"site-sidebar-layout":"default","site-content-layout":"default","ast-global-header-display":"","ast-banner-title-visibility":"","ast-main-header-display":"","ast-hfb-above-header-display":"","ast-hfb-below-header-display":"","ast-hfb-mobile-header-display":"","site-post-title":"","ast-breadcrumbs-content":"","ast-featured-img":"","footer-sml-layout":"","theme-transparent-header-meta":"","adv-header-id-meta":"","stick-header-meta":"","header-above-stick-meta":"","header-main-stick-meta":"","header-below-stick-meta":"","footnotes":""},"acf":[],"_links":{"self":[{"href":"https:\/\/asfema.org\/blog\/index.php\/wp-json\/wp\/v2\/pages\/22"}],"collection":[{"href":"https:\/\/asfema.org\/blog\/index.php\/wp-json\/wp\/v2\/pages"}],"about":[{"href":"https:\/\/asfema.org\/blog\/index.php\/wp-json\/wp\/v2\/types\/page"}],"author":[{"embeddable":true,"href":"https:\/\/asfema.org\/blog\/index.php\/wp-json\/wp\/v2\/users\/1"}],"replies":[{"embeddable":true,"href":"https:\/\/asfema.org\/blog\/index.php\/wp-json\/wp\/v2\/comments?post=22"}],"version-history":[{"count":10,"href":"https:\/\/asfema.org\/blog\/index.php\/wp-json\/wp\/v2\/pages\/22\/revisions"}],"predecessor-version":[{"id":5833,"href":"https:\/\/asfema.org\/blog\/index.php\/wp-json\/wp\/v2\/pages\/22\/revisions\/5833"}],"wp:attachment":[{"href":"https:\/\/asfema.org\/blog\/index.php\/wp-json\/wp\/v2\/media?parent=22"}],"curies":[{"name":"wp","href":"https:\/\/api.w.org\/{rel}","templated":true}]}}