{"id":285,"date":"2016-09-01T04:05:20","date_gmt":"2016-09-01T04:05:20","guid":{"rendered":"https:\/\/asfema.org\/blog\/?page_id=285"},"modified":"2016-09-26T03:43:51","modified_gmt":"2016-09-26T03:43:51","slug":"preguntas-frecuentes-sobre-la-pku","status":"publish","type":"page","link":"https:\/\/asfema.org\/blog\/index.php\/preguntas-frecuentes-sobre-la-pku\/","title":{"rendered":"Preguntas Frecuentes sobre la PKU"},"content":{"rendered":"<p>A continuaci\u00f3n se incluye un listado de posibles preguntas que te estar\u00e1s haciendo si tu beb\u00e9 ha dado positivo en la <a title=\"La prueba del tal\u00f3n\" href=\"http:\/\/www.cometelasopa.com\/la-prueba-del-talon-en-el-recien-nacido\/\" target=\"_blank\">prueba del tal\u00f3n<\/a>.<br \/>\n<a href=\"http:\/\/www.cheapjerseysstoreusa.com\/\">cheap nfl jerseys<\/a><\/p>\n<p><a href=\"http:\/\/www.wholesalenbajerseysstore.com\/\">wholesale nfl jerseys<\/a><\/p>\n<p><a href=\"http:\/\/www.cheapjerseysstoreusa.com\/\">wholesale jerseys<\/a><\/p>\n<p><a href=\"http:\/\/www.authenticjerseys.net\/\">cheap jerseys<\/a><\/p>\n<p><a href=\"http:\/\/www.authenticjerseyssupply.us\/\">cheap jerseys<\/a><\/p>\n<p>\u00bfSer\u00e1 mi beb\u00e9 normal?<\/p>\n<p><strong>Absolutamente normal<\/strong>. Afortunadamente, la PKU es una enfermedad gen\u00e9tica que lleva estudi\u00e1ndose y trat\u00e1ndose dese hace muchos a\u00f1os. Hoy en d\u00eda, si han detectado a tiempo el problema (durante el primer mes) tu hijo podr\u00e1 hacer lo que m\u00e1s le guste en su vida<\/p>\n<p>\u00bfPor qu\u00e9 a veces lo llaman PKU y otras Fenilcetonuria?<\/p>\n<p>PKU son las siglas en ingl\u00e9s de fenilcetonuria, Phenyl Keton Uria (PKU).<\/p>\n<p>\u00bfQu\u00e9 es la fenilalanina?<\/p>\n<p>Imagina que las prote\u00ednas fueran como la cadena de una bicicleta. Los eslabones que forman esa cadena, en el caso de las prote\u00ednas, se llamar\u00edan amino\u00e1cidos.<\/p>\n<p>Las prote\u00ednas est\u00e1n compuestas por trocitos m\u00e1s peque\u00f1os que se llaman amino\u00e1cidos, y uno de esos amino\u00e1cidos es la fenilalanina (en ingl\u00e9s, phenylalanine). Es justo este amino\u00e1cido el que no tu beb\u00e9 no &#8220;tolera&#8221;.<\/p>\n<p>\u00bfLa PKU es una alergia?<\/p>\n<p>No, es un trastorno metab\u00f3lico. Esto quiere decir que en tu beb\u00e9 no puede procesar bien la fenilalanina, no se puede deshacer de ella como hacemos tu y yo. Por tanto, si tomara una dieta normal, como nosotros, se ir\u00eda acumulando en su cuerpo y a la larga podr\u00eda tener problemas.<\/p>\n<p>Pero no es una alergia. Si tu beb\u00e9 cuando crezca come un poco de un alimentos que tenga fenilalanina (por ejemplo, un trozo jam\u00f3n), no tendr\u00e1 una reacci\u00f3n al\u00e9rgica. Ni tu ni \u00e9l notar\u00e1 ninguna reacci\u00f3n visible. Esto es una ventaja y un inconveniente.<\/p>\n<p>\u00bfLa dieta para la PKU es para toda la vida?<\/p>\n<p>Si.<\/p>\n<p>Me han dicho que tengo que dejar de darle el pecho, \u00bfqu\u00e9 va a comer ahora?<\/p>\n<p>Efectivamente, tienes que dejar de darle el pecho, porque tu hijo no puede procesar bien las prote\u00ednas (bueno, solo la fenilalanina) y la leche materna tiene muchas prote\u00ednas.<\/p>\n<p>No te preocupes, gracias a las investigaciones de muchos a\u00f1os, ya hay leches especiales para la PKU que tienen prote\u00ednas adaptadas para tu beb\u00e9. Es decir, que no tienen fenilalanina, y por tanto no tendr\u00e1 ning\u00fan problema.<\/p>\n<p>Iremos ampliando esta lista con el tiempo.<\/p>\n<p>&nbsp;<\/p>\n","protected":false},"excerpt":{"rendered":"<p>A continuaci\u00f3n se incluye un listado de posibles preguntas que te estar\u00e1s haciendo si tu beb\u00e9 ha dado positivo en la prueba del tal\u00f3n. cheap nfl jerseys wholesale nfl jerseys wholesale jerseys cheap jerseys cheap jerseys \u00bfSer\u00e1 mi beb\u00e9 normal? Absolutamente normal. Afortunadamente, la PKU es una enfermedad gen\u00e9tica que lleva estudi\u00e1ndose y trat\u00e1ndose dese &hellip;<\/p>\n<p class=\"read-more\"> <a class=\"\" href=\"https:\/\/asfema.org\/blog\/index.php\/preguntas-frecuentes-sobre-la-pku\/\"> <span class=\"screen-reader-text\">Preguntas Frecuentes sobre la PKU<\/span> Read More &raquo;<\/a><\/p>\n","protected":false},"author":1,"featured_media":0,"parent":0,"menu_order":0,"comment_status":"open","ping_status":"open","template":"","meta":{"site-sidebar-layout":"default","site-content-layout":"default","ast-global-header-display":"","ast-banner-title-visibility":"","ast-main-header-display":"","ast-hfb-above-header-display":"","ast-hfb-below-header-display":"","ast-hfb-mobile-header-display":"","site-post-title":"","ast-breadcrumbs-content":"","ast-featured-img":"","footer-sml-layout":"","theme-transparent-header-meta":"","adv-header-id-meta":"","stick-header-meta":"","header-above-stick-meta":"","header-main-stick-meta":"","header-below-stick-meta":"","footnotes":""},"acf":[],"_links":{"self":[{"href":"https:\/\/asfema.org\/blog\/index.php\/wp-json\/wp\/v2\/pages\/285"}],"collection":[{"href":"https:\/\/asfema.org\/blog\/index.php\/wp-json\/wp\/v2\/pages"}],"about":[{"href":"https:\/\/asfema.org\/blog\/index.php\/wp-json\/wp\/v2\/types\/page"}],"author":[{"embeddable":true,"href":"https:\/\/asfema.org\/blog\/index.php\/wp-json\/wp\/v2\/users\/1"}],"replies":[{"embeddable":true,"href":"https:\/\/asfema.org\/blog\/index.php\/wp-json\/wp\/v2\/comments?post=285"}],"version-history":[{"count":0,"href":"https:\/\/asfema.org\/blog\/index.php\/wp-json\/wp\/v2\/pages\/285\/revisions"}],"wp:attachment":[{"href":"https:\/\/asfema.org\/blog\/index.php\/wp-json\/wp\/v2\/media?parent=285"}],"curies":[{"name":"wp","href":"https:\/\/api.w.org\/{rel}","templated":true}]}}