{"id":303,"date":"2016-09-01T04:04:43","date_gmt":"2016-09-01T04:04:43","guid":{"rendered":"https:\/\/asfema.org\/blog\/?page_id=303"},"modified":"2018-01-30T10:25:19","modified_gmt":"2018-01-30T10:25:19","slug":"mapa-de-los-pkuotm-de-madrid","status":"publish","type":"page","link":"https:\/\/asfema.org\/blog\/index.php\/mapa-de-los-pkuotm-de-madrid\/","title":{"rendered":"Mapa de los PKU\/OTM de Madrid"},"content":{"rendered":"<p>En este mapa pod\u00e9is ver c\u00f3modamente si ten\u00e9is alg\u00fan socio de ASFEMA cerca y el tipo de metabolopat\u00eda asociada.<\/p>\n<p>&nbsp;<\/p>\n<p><iframe loading=\"lazy\" src=\"http:\/\/www.arcgis.com\/home\/webmap\/viewer.html?webmap=287860938c1d40098e939172aed21687\" width=\"940\" height=\"600\" frameborder=\"0\" marginwidth=\"0\" marginheight=\"0\" scrolling=\"no\"><\/iframe><br \/>\n<small><a style=\"color: #0000ff; text-align: left;\" href=\"http:\/\/www.arcgis.com\/home\/webmap\/viewer.html?webmap=287860938c1d40098e939172aed21687\" target=\"_blank\" rel=\"noopener\">Ver mapa m\u00e1s grande<\/a><\/small><\/p>\n","protected":false},"excerpt":{"rendered":"<p>En este mapa pod\u00e9is ver c\u00f3modamente si ten\u00e9is alg\u00fan socio de ASFEMA cerca y el tipo de metabolopat\u00eda asociada. &nbsp; Ver mapa m\u00e1s grande<\/p>\n","protected":false},"author":1,"featured_media":0,"parent":0,"menu_order":0,"comment_status":"open","ping_status":"open","template":"","meta":{"site-sidebar-layout":"default","site-content-layout":"default","ast-global-header-display":"","ast-banner-title-visibility":"","ast-main-header-display":"","ast-hfb-above-header-display":"","ast-hfb-below-header-display":"","ast-hfb-mobile-header-display":"","site-post-title":"","ast-breadcrumbs-content":"","ast-featured-img":"","footer-sml-layout":"","theme-transparent-header-meta":"","adv-header-id-meta":"","stick-header-meta":"","header-above-stick-meta":"","header-main-stick-meta":"","header-below-stick-meta":"","footnotes":""},"acf":[],"_links":{"self":[{"href":"https:\/\/asfema.org\/blog\/index.php\/wp-json\/wp\/v2\/pages\/303"}],"collection":[{"href":"https:\/\/asfema.org\/blog\/index.php\/wp-json\/wp\/v2\/pages"}],"about":[{"href":"https:\/\/asfema.org\/blog\/index.php\/wp-json\/wp\/v2\/types\/page"}],"author":[{"embeddable":true,"href":"https:\/\/asfema.org\/blog\/index.php\/wp-json\/wp\/v2\/users\/1"}],"replies":[{"embeddable":true,"href":"https:\/\/asfema.org\/blog\/index.php\/wp-json\/wp\/v2\/comments?post=303"}],"version-history":[{"count":2,"href":"https:\/\/asfema.org\/blog\/index.php\/wp-json\/wp\/v2\/pages\/303\/revisions"}],"predecessor-version":[{"id":3620,"href":"https:\/\/asfema.org\/blog\/index.php\/wp-json\/wp\/v2\/pages\/303\/revisions\/3620"}],"wp:attachment":[{"href":"https:\/\/asfema.org\/blog\/index.php\/wp-json\/wp\/v2\/media?parent=303"}],"curies":[{"name":"wp","href":"https:\/\/api.w.org\/{rel}","templated":true}]}}