{"id":3681,"date":"2018-02-28T06:22:21","date_gmt":"2018-02-28T06:22:21","guid":{"rendered":"https:\/\/asfema.org\/blog\/?page_id=3681"},"modified":"2018-02-28T06:22:21","modified_gmt":"2018-02-28T06:22:21","slug":"consejos-para-viajar","status":"publish","type":"page","link":"https:\/\/asfema.org\/blog\/index.php\/consejos-para-viajar\/","title":{"rendered":"Consejos para viajar"},"content":{"rendered":"<p>El problema m\u00e1s recurrente a la hora de viajar, aparte de necesidad de planificar la comida y el tratamiento en el lugar al que nos movemos, es el de viajar en avi\u00f3n con la f\u00f3rmula y la medicaci\u00f3n.<\/p>\n<p><a href=\"https:\/\/asfema.org\/blog\/wp-content\/uploads\/2018\/02\/airport-249529_1280.jpg\"><img decoding=\"async\" loading=\"lazy\" class=\"wp-image-3683 alignright\" src=\"https:\/\/asfema.org\/blog\/wp-content\/uploads\/2018\/02\/airport-249529_1280-250x141.jpg\" alt=\"\" width=\"282\" height=\"159\" srcset=\"https:\/\/asfema.org\/blog\/wp-content\/uploads\/2018\/02\/airport-249529_1280-250x141.jpg 250w, https:\/\/asfema.org\/blog\/wp-content\/uploads\/2018\/02\/airport-249529_1280-850x478.jpg 850w, https:\/\/asfema.org\/blog\/wp-content\/uploads\/2018\/02\/airport-249529_1280-1200x675.jpg 1200w, https:\/\/asfema.org\/blog\/wp-content\/uploads\/2018\/02\/airport-249529_1280-768x432.jpg 768w, https:\/\/asfema.org\/blog\/wp-content\/uploads\/2018\/02\/airport-249529_1280-800x450.jpg 800w, https:\/\/asfema.org\/blog\/wp-content\/uploads\/2018\/02\/airport-249529_1280.jpg 1280w\" sizes=\"(max-width: 282px) 100vw, 282px\" \/><\/a>Como sab\u00e9is si utiliz\u00e1is formulas liquidas, estas son numerosas, abultadas y pesadas, con lo que el primer par de preguntas que nos hacemos son:<\/p>\n<ol>\n<li><em>\u00bfqu\u00e9 hago con todo esto, lo facturo, o no?<\/em><\/li>\n<li><em>\u00a0\u00bfme pondr\u00e1n problemas si los llevo como equipaje de mano?<\/em><\/li>\n<\/ol>\n<p>Como respuesta a la primera pregunta creemos que lo m\u00e1s adecuado es <u>no facturar<\/u>, es conveniente llevar la f\u00f3rmula o todo lo que se pueda en el equipaje de mano. Si se factura toda la formula y\/o medicaci\u00f3n, y se pierde la maleta o surge cualquier otro \u00a0imprevisto, podr\u00edamos tener un problema.<\/p>\n<p>Para la segunda pregunta, conviene saber que en los puestos de control de cualquier aeropuerto del mundo, no nos dejaran embarcar en el equipaje de mano, ning\u00fan envase con m\u00e1s de 100 ml de l\u00edquidos \u00a0y dado que las formulas suelen ser de 125 o 200ml, nos invitaran a no dejarnos pasar con ella. \u00bfc\u00f3mo evitamos esto?. Llevando encima la siguiente documentaci\u00f3n:<\/p>\n<ul>\n<li>Es <strong>indispensable<\/strong>, un informe de tu m\u00e9dico especialista, pero<strong> OJO, en algunos pa\u00edses ser\u00e1 necesario este informe en ingl\u00e9s. <\/strong>Pinchando <strong><span style=\"color: #0000ff;\"><a href=\"https:\/\/asfema.org\/blog\/wp-content\/uploads\/2018\/02\/Informe-para-viajar-Modelo.doc\"><u>AQUI<\/u><\/a><\/span><\/strong> podeis descargar un modelo tipo para viajar.<\/li>\n<li>De manera opcional, se puede llevar un<strong><span style=\"color: #0000ff;\"> <a href=\"https:\/\/metabolicos.es\/2015\/06\/acceso-al-pasaporte-metabolico-para-viajes-internacionales\/\">pasaporte metab\u00f3lico ESPKU<\/a><\/span><\/strong>. Es un documento que pretende simplificar los informes m\u00e9dicos y contiene informaci\u00f3n acerca de la enfermedad padecida, pero debemos saber que:\n<ul>\n<li>es necesario que tu m\u00e9dico selle la pauta correcta de ingesta de medicaci\u00f3n<\/li>\n<li><strong><u>NO<\/u><\/strong> es un documento oficial reconocido internacionalmente, tan solo una manera de simplificar el viaje.<\/li>\n<li>Se puede solicitar en la FEEMH o preguntar en ASFEMA.<\/li>\n<\/ul>\n<\/li>\n<li>Tambien podemos recomendar llevar\u00a0<strong>recetas m\u00e9dicas,\u00a0 <\/strong>con tu nombre puesto en ella y con la marca de medicaci\u00f3n, sirviendo como justificante de su necesidad.<\/li>\n<\/ul>\n<p>Adem\u00e1s, recomendamos encarecidamente, que una vez tengamos la reserva de nuestro vuelo, nos pongamos en contacto con la compa\u00f1\u00eda a\u00e9rea, le comentemos nuestra casu\u00edstica, y solicitemos una maleta gratuita para medicaci\u00f3n, indic\u00e1ndoles dimensiones y contenido de la misma.<\/p>\n<p>De esa forma, la compa\u00f1\u00eda a\u00e9rea, nos podr\u00e1 remitir un documento, que llevaremos impreso al aeropuerto, donde se indique la existencia de esa maleta extra gratuita, con sus dimensiones, contenido, y por supuesto nuestros datos, que podemos presentar donde sea requerido.<\/p>\n","protected":false},"excerpt":{"rendered":"<p>El problema m\u00e1s recurrente a la hora de viajar, aparte de necesidad de planificar la comida y el tratamiento en el lugar al que nos movemos, es el de viajar en avi\u00f3n con la f\u00f3rmula y la medicaci\u00f3n. Como sab\u00e9is si utiliz\u00e1is formulas liquidas, estas son numerosas, abultadas y pesadas, con lo que el primer &hellip;<\/p>\n<p class=\"read-more\"> <a class=\"\" href=\"https:\/\/asfema.org\/blog\/index.php\/consejos-para-viajar\/\"> <span class=\"screen-reader-text\">Consejos para viajar<\/span> Read More &raquo;<\/a><\/p>\n","protected":false},"author":11,"featured_media":0,"parent":0,"menu_order":0,"comment_status":"closed","ping_status":"closed","template":"","meta":{"site-sidebar-layout":"default","site-content-layout":"default","ast-global-header-display":"","ast-banner-title-visibility":"","ast-main-header-display":"","ast-hfb-above-header-display":"","ast-hfb-below-header-display":"","ast-hfb-mobile-header-display":"","site-post-title":"","ast-breadcrumbs-content":"","ast-featured-img":"","footer-sml-layout":"","theme-transparent-header-meta":"","adv-header-id-meta":"","stick-header-meta":"","header-above-stick-meta":"","header-main-stick-meta":"","header-below-stick-meta":"","footnotes":""},"acf":[],"_links":{"self":[{"href":"https:\/\/asfema.org\/blog\/index.php\/wp-json\/wp\/v2\/pages\/3681"}],"collection":[{"href":"https:\/\/asfema.org\/blog\/index.php\/wp-json\/wp\/v2\/pages"}],"about":[{"href":"https:\/\/asfema.org\/blog\/index.php\/wp-json\/wp\/v2\/types\/page"}],"author":[{"embeddable":true,"href":"https:\/\/asfema.org\/blog\/index.php\/wp-json\/wp\/v2\/users\/11"}],"replies":[{"embeddable":true,"href":"https:\/\/asfema.org\/blog\/index.php\/wp-json\/wp\/v2\/comments?post=3681"}],"version-history":[{"count":3,"href":"https:\/\/asfema.org\/blog\/index.php\/wp-json\/wp\/v2\/pages\/3681\/revisions"}],"predecessor-version":[{"id":3685,"href":"https:\/\/asfema.org\/blog\/index.php\/wp-json\/wp\/v2\/pages\/3681\/revisions\/3685"}],"wp:attachment":[{"href":"https:\/\/asfema.org\/blog\/index.php\/wp-json\/wp\/v2\/media?parent=3681"}],"curies":[{"name":"wp","href":"https:\/\/api.w.org\/{rel}","templated":true}]}}