{"id":3712,"date":"2018-03-05T14:50:12","date_gmt":"2018-03-05T14:50:12","guid":{"rendered":"https:\/\/asfema.org\/blog\/?page_id=3712"},"modified":"2020-06-29T18:47:23","modified_gmt":"2020-06-29T18:47:23","slug":"modelos-utiles","status":"publish","type":"page","link":"https:\/\/asfema.org\/blog\/index.php\/modelos-utiles\/","title":{"rendered":"Modelos \u00fatiles"},"content":{"rendered":"<p>A continuaci\u00f3n recogemos algunos documentos, formularios o modelos que pueden resultarnos \u00fatiles. Pincha sobre los links para descargarlos:<\/p>\n<ul>\n<li><a href=\"https:\/\/asfema.org\/blog\/wp-content\/uploads\/2018\/03\/\u00edndice.png\"><img decoding=\"async\" loading=\"lazy\" class=\" wp-image-3724 alignright\" src=\"https:\/\/asfema.org\/blog\/wp-content\/uploads\/2018\/03\/\u00edndice-250x141.png\" alt=\"\" width=\"309\" height=\"174\" \/><\/a>Informe para realizar <a href=\"https:\/\/asfema.org\/blog\/wp-content\/uploads\/2018\/02\/Informe-para-viajar-Modelo.doc\"><strong>viajes<\/strong><\/a>.<\/li>\n<li><strong><a href=\"https:\/\/asfema.org\/blog\/wp-content\/uploads\/2018\/01\/Carta_Maestra_Ciclomarcha.docx\">Carta maestra<\/a><\/strong> para colaboraci\u00f3n de empresas en la VI Ciclomarcha (a\u00f1o 2018).<\/li>\n<li><strong><a href=\"https:\/\/asfema.org\/blog\/wp-content\/uploads\/2018\/02\/Delegaci\u00f3ndevoto.pdf\">Delegaci\u00f3n de voto<\/a><\/strong> para asamblea de socios (Modelo estandar para a\u00f1os posteriores a 2018).<\/li>\n<li><strong><a href=\"https:\/\/asfema.org\/blog\/wp-content\/uploads\/2018\/03\/RD-1148_2011-BOE-A-2011-13119-1.pdf\">RD 1148\/2011 (BOE-A-2011-13119)<\/a><\/strong>: Real Decreto 1148\/2011, de 29 de julio, para la aplicaci\u00f3n y desarrollo, en el sistema de la Seguridad Social, de la prestaci\u00f3n econ\u00f3mica por cuidado de menores afectados por c\u00e1ncer u otra enfermedad grave.<\/li>\n<li>Solicitud prestaci\u00f3n econ\u00f3mica cuidado menores <strong><a href=\"https:\/\/asfema.org\/blog\/wp-content\/uploads\/2018\/03\/Solicitud_prestacion_economica_cuidado_menores_FRATERNIDAD.pdf\">FRATERNIDAD<\/a><\/strong>. <em>(Se trata de un documento informativo, confirmar con vuestra mutua si es v\u00e1lido).<\/em><\/li>\n<li>Solicitud prestaci\u00f3n econ\u00f3mica cuidado menores <strong><a href=\"https:\/\/asfema.org\/blog\/wp-content\/uploads\/2018\/03\/Solicitud_prestacion_economica_cuidado_menores_FREMAP.pdf\">FREMAP<\/a><\/strong>. <em>(Se trata de un documento informativo, confirmar con vuestra mutua si es v\u00e1lido).<\/em><\/li>\n<li>Solicitud prestaci\u00f3n econ\u00f3mica cuidado menores <strong><a href=\"https:\/\/asfema.org\/blog\/wp-content\/uploads\/2018\/03\/Solicitud_prestacion_economica_cuidado_menores_MAZ.pdf\">MAZ<\/a><\/strong>. <em>(Se trata de un documento informativo, confirmar con vuestra mutua si es v\u00e1lido).<\/em><\/li>\n<li>Solicitud prestaci\u00f3n econ\u00f3mica cuidado menores <strong><a href=\"https:\/\/asfema.org\/blog\/wp-content\/uploads\/2018\/03\/Solicitud_prestacion_economica_cuidado_menores_MUTUAUNIVERSAL.pdf\">MUTUA UNIVERSAL<\/a><\/strong>. <em>(Se trata de un documento informativo, confirmar con vuestra mutua si es v\u00e1lido).<\/em><\/li>\n<\/ul>\n","protected":false},"excerpt":{"rendered":"<p>A continuaci\u00f3n recogemos algunos documentos, formularios o modelos que pueden resultarnos \u00fatiles. Pincha sobre los links para descargarlos: Informe para realizar viajes. Carta maestra para colaboraci\u00f3n de empresas en la VI Ciclomarcha (a\u00f1o 2018). Delegaci\u00f3n de voto para asamblea de socios (Modelo estandar para a\u00f1os posteriores a 2018). RD 1148\/2011 (BOE-A-2011-13119): Real Decreto 1148\/2011, de &hellip;<\/p>\n<p class=\"read-more\"> <a class=\"\" href=\"https:\/\/asfema.org\/blog\/index.php\/modelos-utiles\/\"> <span class=\"screen-reader-text\">Modelos \u00fatiles<\/span> Read More &raquo;<\/a><\/p>\n","protected":false},"author":11,"featured_media":0,"parent":0,"menu_order":0,"comment_status":"closed","ping_status":"closed","template":"","meta":{"site-sidebar-layout":"default","site-content-layout":"default","ast-global-header-display":"","ast-banner-title-visibility":"","ast-main-header-display":"","ast-hfb-above-header-display":"","ast-hfb-below-header-display":"","ast-hfb-mobile-header-display":"","site-post-title":"","ast-breadcrumbs-content":"","ast-featured-img":"","footer-sml-layout":"","theme-transparent-header-meta":"","adv-header-id-meta":"","stick-header-meta":"","header-above-stick-meta":"","header-main-stick-meta":"","header-below-stick-meta":"","footnotes":""},"acf":[],"_links":{"self":[{"href":"https:\/\/asfema.org\/blog\/index.php\/wp-json\/wp\/v2\/pages\/3712"}],"collection":[{"href":"https:\/\/asfema.org\/blog\/index.php\/wp-json\/wp\/v2\/pages"}],"about":[{"href":"https:\/\/asfema.org\/blog\/index.php\/wp-json\/wp\/v2\/types\/page"}],"author":[{"embeddable":true,"href":"https:\/\/asfema.org\/blog\/index.php\/wp-json\/wp\/v2\/users\/11"}],"replies":[{"embeddable":true,"href":"https:\/\/asfema.org\/blog\/index.php\/wp-json\/wp\/v2\/comments?post=3712"}],"version-history":[{"count":7,"href":"https:\/\/asfema.org\/blog\/index.php\/wp-json\/wp\/v2\/pages\/3712\/revisions"}],"predecessor-version":[{"id":4754,"href":"https:\/\/asfema.org\/blog\/index.php\/wp-json\/wp\/v2\/pages\/3712\/revisions\/4754"}],"wp:attachment":[{"href":"https:\/\/asfema.org\/blog\/index.php\/wp-json\/wp\/v2\/media?parent=3712"}],"curies":[{"name":"wp","href":"https:\/\/api.w.org\/{rel}","templated":true}]}}