{"id":3947,"date":"2018-10-05T07:23:24","date_gmt":"2018-10-05T07:23:24","guid":{"rendered":"https:\/\/asfema.org\/blog\/?page_id=3947"},"modified":"2026-03-09T10:58:19","modified_gmt":"2026-03-09T10:58:19","slug":"como-puedo-hacerme-socio","status":"publish","type":"page","link":"https:\/\/asfema.org\/blog\/index.php\/como-puedo-hacerme-socio\/","title":{"rendered":"\u00bfC\u00f3mo puedo hacerme socio?"},"content":{"rendered":"<h2 style=\"text-align: center;\"><strong>ASFEMA &#8211; Asociaci\u00f3n de Familias con Enfermedades Metab\u00f3licas de Madrid<\/strong><\/h2>\n<hr \/>\n<h2><\/h2>\n<p>Para hacerte socio de <strong>ASFEMA<\/strong>, solo tienes que hacernos llegar cumplimentada la ficha de socio, que puedes descargar <a href=\"https:\/\/asfema.org\/blog\/wp-content\/uploads\/2018\/10\/Ficha-de-socio.docx\"><strong>AQU\u00cd<\/strong><\/a>, y abonar la correspondiente cuota anual, que puedes abonar en uno o dos plazos anuales, e incluso domiciliarlo cumplimentando el correspondiente <a href=\"https:\/\/asfema.org\/blog\/wp-content\/uploads\/2016\/12\/domiciliacion.docx\"><strong>formulario<\/strong>.\u00a0<\/a>(Mas informaci\u00f3n sobre como domiciliarlo <a href=\"https:\/\/asfema.org\/blog\/index.php\/domiciliacion-cuota\/\"><strong>AQU\u00cd<\/strong>).<\/a><\/p>\n<p>Una vez cumplimentada la ficha de nuevo socio, puedes enviarnosla por correo electr\u00f3nico a <a href=\"mailto:contacto@asfema.org\"><strong>contacto@asfema.org<\/strong><\/a> o bien mediante correo ordinario,\u00a0 a la direcci\u00f3n <strong>Calle Zigia 28, 28027 &#8211; Madrid. <\/strong><\/p>\n<p>Tambi\u00e9n puedes entregarla f\u00edsicamente en el local de nuestra asociaci\u00f3n,\u00a0 y para asegurar que puedas ser atendido adecuadamente, lo mejor es que consultes nuestro horario de apertura <a href=\"https:\/\/asfema.org\/blog\/index.php\/calendario-apertura-asfema-2019\/\"><strong>AQUI<\/strong><\/a>.<\/p>\n<p>Para cualquier duda, nos puedes contactar en el tel\u00e9fono: <strong>670 223 805.<\/strong><\/p>\n<p><strong>N\u00famero de cuenta de la ASFEMA: <\/strong><\/p>\n<h3 style=\"text-align: center;\"><span style=\"color: #0000ff;\"><strong>ES9101826353040201533528 (BBVA)<\/strong><\/span><\/h3>\n<h2><\/h2>\n<h2>D\u00f3nde estamos &#8211; \u00bfC\u00f3mo contactar con Asfema?<\/h2>\n<p>ASFEMA se encuenta localizado en el barrio de Pueblo Nuevo, distrito de Ciudad Lineal de la ciudad de Madrid, en la siguiente direcci\u00f3n:<\/p>\n<h3 style=\"text-align: center;\"><a href=\"https:\/\/arcg.is\/imi1K0\"><strong>Calle Zigia 28, 28027 &#8211; Madrid. <\/strong>(Metros Pueblo Nuevo, Barrio de la Concepci\u00f3n y Ciudad Lineal)<\/a><\/h3>\n<p>Como norma general, nos reunimos los <strong>primeros s\u00e1bados del mes<\/strong>, en horario de <strong>11:00h a 13:00h<\/strong>, \u00a0salvo contadas excepciones donde debido a \u00a0puentes y\/o vacaciones, pueden variar esos dias. \u00a0Lo mejor es que consultes el horario de apertura <strong><a href=\"https:\/\/asfema.org\/blog\/index.php\/calendario-apertura-asfema-2019\/\">AQUI<\/a><\/strong>.<\/p>\n<p>Se abrir\u00e1 tambi\u00e9n el banco de alimentos los <strong>Mi\u00e9rcoles\u00a0 y Jueves (17:00h- 20:00h)<\/strong>.\u00a0 Se ruega que si quieren ir entre semana, confirmen previamente la disponibilidad, puesto que durante ese horario se desempe\u00f1an tambi\u00e9n funciones administrativas y sociales, y las personas responsables de la apertura puede encontrarse ausentes del local en alg\u00fan momento del horario indicado.<\/p>\n<p>Y si lo prefieres, puedes contactar con nosotros mediante correo electr\u00f3nico o telef\u00f3nicamente<\/p>\n<h3 style=\"text-align: center;\">Email: <a href=\"mailto:contacto@asfema.org\">contacto@asfema.org<\/a><\/h3>\n<h3 style=\"text-align: center;\">Movil: 670 223 805<\/h3>\n<p><iframe loading=\"lazy\" src=\"https:\/\/arcg.is\/imi1K0\" width=\"600\" height=\"500\" frameborder=\"0\" marginwidth=\"0\" marginheight=\"0\" scrolling=\"no\" data-mce-fragment=\"1\"><span style=\"display: inline-block; width: 0px; overflow: hidden; line-height: 0;\" data-mce-type=\"bookmark\" class=\"mce_SELRES_start\">\ufeff<\/span><\/iframe><\/p>\n<p><small><a style=\"color: #0000ff; text-align: left;\" href=\"https:\/\/arcg.is\/imi1K0\" target=\"_blank\" rel=\"noopener noreferrer\">Ver mapa m\u00e1s grande<\/a><\/small><\/p>\n","protected":false},"excerpt":{"rendered":"<p>ASFEMA &#8211; Asociaci\u00f3n de Familias con Enfermedades Metab\u00f3licas de Madrid Para hacerte socio de ASFEMA, solo tienes que hacernos llegar cumplimentada la ficha de socio, que puedes descargar AQU\u00cd, y abonar la correspondiente cuota anual, que puedes abonar en uno o dos plazos anuales, e incluso domiciliarlo cumplimentando el correspondiente formulario.\u00a0(Mas informaci\u00f3n sobre como domiciliarlo &hellip;<\/p>\n<p class=\"read-more\"> <a class=\"\" href=\"https:\/\/asfema.org\/blog\/index.php\/como-puedo-hacerme-socio\/\"> <span class=\"screen-reader-text\">\u00bfC\u00f3mo puedo hacerme socio?<\/span> Read More &raquo;<\/a><\/p>\n","protected":false},"author":11,"featured_media":0,"parent":0,"menu_order":0,"comment_status":"closed","ping_status":"closed","template":"","meta":{"site-sidebar-layout":"default","site-content-layout":"default","ast-global-header-display":"","ast-banner-title-visibility":"","ast-main-header-display":"","ast-hfb-above-header-display":"","ast-hfb-below-header-display":"","ast-hfb-mobile-header-display":"","site-post-title":"","ast-breadcrumbs-content":"","ast-featured-img":"","footer-sml-layout":"","theme-transparent-header-meta":"default","adv-header-id-meta":"","stick-header-meta":"","header-above-stick-meta":"","header-main-stick-meta":"","header-below-stick-meta":"","footnotes":""},"acf":[],"_links":{"self":[{"href":"https:\/\/asfema.org\/blog\/index.php\/wp-json\/wp\/v2\/pages\/3947"}],"collection":[{"href":"https:\/\/asfema.org\/blog\/index.php\/wp-json\/wp\/v2\/pages"}],"about":[{"href":"https:\/\/asfema.org\/blog\/index.php\/wp-json\/wp\/v2\/types\/page"}],"author":[{"embeddable":true,"href":"https:\/\/asfema.org\/blog\/index.php\/wp-json\/wp\/v2\/users\/11"}],"replies":[{"embeddable":true,"href":"https:\/\/asfema.org\/blog\/index.php\/wp-json\/wp\/v2\/comments?post=3947"}],"version-history":[{"count":13,"href":"https:\/\/asfema.org\/blog\/index.php\/wp-json\/wp\/v2\/pages\/3947\/revisions"}],"predecessor-version":[{"id":6224,"href":"https:\/\/asfema.org\/blog\/index.php\/wp-json\/wp\/v2\/pages\/3947\/revisions\/6224"}],"wp:attachment":[{"href":"https:\/\/asfema.org\/blog\/index.php\/wp-json\/wp\/v2\/media?parent=3947"}],"curies":[{"name":"wp","href":"https:\/\/api.w.org\/{rel}","templated":true}]}}